{"id":31,"date":"2016-05-18T02:00:23","date_gmt":"2016-05-18T02:00:23","guid":{"rendered":"http:\/\/davidgour.ca\/?page_id=31"},"modified":"2022-04-02T16:25:26","modified_gmt":"2022-04-02T16:25:26","slug":"a-propos","status":"publish","type":"page","link":"https:\/\/davidgour.ca\/?page_id=31","title":{"rendered":"\u00c0 propos"},"content":{"rendered":"<p>David Gour<br \/>\ndesigner, mus\u00e9ographe, enseignant<\/p>\n<p>Fort d\u2019une double formation en design et en \u00e9b\u00e9nisterie, David Gour pose un regard sensible tant sur l\u2019espace que sur les objets qu\u2019il d\u00e9veloppe, jusque dans les d\u00e9tails.\u00a0David a acquis une solide exp\u00e9rience par sa participation \u00e0 la r\u00e9alisation de nombreux\u00a0projets d\u2019expositions mus\u00e9ales et de design de mobilier.<\/p>\n<p>David Gour entreprend son parcours en design et mus\u00e9ographie en 2003, collaborant\u00a0aupr\u00e8s de Daniel Castonguay, mus\u00e9ographe r\u00e9put\u00e9. Il a eu le privil\u00e8ge de participer au d\u00e9veloppement de sc\u00e9nographies mus\u00e9ales \u00e9pur\u00e9es et minimalistes pour des institutions de renom, dont le Mus\u00e9e national des beaux-arts du Qu\u00e9bec et le Mus\u00e9e des beaux-arts de Montr\u00e9al.<\/p>\n<p>De 2010\u00a0\u00e0 2016, il oeuvre pour le compte de la firme d\u2019architecture Lupien+Matteau \u00e0 titre de designer et charg\u00e9 de projets en exposition. Au sein de cette agence multidisciplinaire, ses comp\u00e9tences en conception, en fabrication et en gestion sont mises \u00e0 profit tant pour les projets mus\u00e9ographiques que pour les projets architecturaux.<\/p>\n<p>Parall\u00e8lement \u00e0 son r\u00f4le de designer, de 2009 \u00e0 2020, il enseigne le dessin et la conception de meubles \u00e0 l\u2019\u00c9cole d\u2019\u00e9b\u00e9nisterie d\u2019art de Montr\u00e9al. \u00c0 l&#8217;automne 2020, il rejoint l&#8217;\u00e9quipe enseignante de l&#8217;\u00c9cole nationale du meuble et de l&#8217;\u00e9b\u00e9nisterie.<\/p>\n<p>Port\u00e9 par ce contexte de cr\u00e9ation et de production,\u00a0il travaille maintenant \u00e0 titre de designer ind\u00e9pendant, offrant son expertise vari\u00e9e \u00e0 des clients priv\u00e9s et institutionnels.<\/p>\n","protected":false},"excerpt":{"rendered":"<p>David Gour designer, mus\u00e9ographe, enseignant Fort d\u2019une double formation en design et en \u00e9b\u00e9nisterie, David Gour pose un regard sensible tant sur l\u2019espace que sur les objets qu\u2019il d\u00e9veloppe, jusque dans les d\u00e9tails.\u00a0David a acquis une solide exp\u00e9rience par sa participation \u00e0 la r\u00e9alisation de nombreux\u00a0projets d\u2019expositions mus\u00e9ales et de design de mobilier. David Gour [&hellip;]<\/p>\n","protected":false},"author":1,"featured_media":0,"parent":0,"menu_order":0,"comment_status":"closed","ping_status":"closed","template":"","meta":{"footnotes":""},"_links":{"self":[{"href":"https:\/\/davidgour.ca\/index.php?rest_route=\/wp\/v2\/pages\/31"}],"collection":[{"href":"https:\/\/davidgour.ca\/index.php?rest_route=\/wp\/v2\/pages"}],"about":[{"href":"https:\/\/davidgour.ca\/index.php?rest_route=\/wp\/v2\/types\/page"}],"author":[{"embeddable":true,"href":"https:\/\/davidgour.ca\/index.php?rest_route=\/wp\/v2\/users\/1"}],"replies":[{"embeddable":true,"href":"https:\/\/davidgour.ca\/index.php?rest_route=%2Fwp%2Fv2%2Fcomments&post=31"}],"version-history":[{"count":3,"href":"https:\/\/davidgour.ca\/index.php?rest_route=\/wp\/v2\/pages\/31\/revisions"}],"predecessor-version":[{"id":154,"href":"https:\/\/davidgour.ca\/index.php?rest_route=\/wp\/v2\/pages\/31\/revisions\/154"}],"wp:attachment":[{"href":"https:\/\/davidgour.ca\/index.php?rest_route=%2Fwp%2Fv2%2Fmedia&parent=31"}],"curies":[{"name":"wp","href":"https:\/\/api.w.org\/{rel}","templated":true}]}}