{"id":65,"date":"2016-11-15T20:22:55","date_gmt":"2016-11-15T20:22:55","guid":{"rendered":"http:\/\/davidgour.ca\/?page_id=65"},"modified":"2024-06-12T15:19:30","modified_gmt":"2024-06-12T15:19:30","slug":"projets","status":"publish","type":"page","link":"https:\/\/davidgour.ca\/?page_id=65","title":{"rendered":"Projets"},"content":{"rendered":"\n<figure class=\"wp-block-image\"><img loading=\"lazy\" decoding=\"async\" width=\"3000\" height=\"6000\" src=\"http:\/\/i0.wp.com\/davidgour.ca\/wp-content\/uploads\/2019\/08\/Multi.jpg?fit=512%2C1024\" alt=\"\" class=\"wp-image-131\" srcset=\"https:\/\/i0.wp.com\/davidgour.ca\/wp-content\/uploads\/2019\/08\/Multi.jpg?w=3000 3000w, https:\/\/i0.wp.com\/davidgour.ca\/wp-content\/uploads\/2019\/08\/Multi.jpg?resize=150%2C300 150w, https:\/\/i0.wp.com\/davidgour.ca\/wp-content\/uploads\/2019\/08\/Multi.jpg?resize=768%2C1536 768w, https:\/\/i0.wp.com\/davidgour.ca\/wp-content\/uploads\/2019\/08\/Multi.jpg?resize=512%2C1024 512w, https:\/\/i0.wp.com\/davidgour.ca\/wp-content\/uploads\/2019\/08\/Multi.jpg?resize=880%2C1760 880w, https:\/\/i0.wp.com\/davidgour.ca\/wp-content\/uploads\/2019\/08\/Multi.jpg?resize=220%2C440 220w, https:\/\/i0.wp.com\/davidgour.ca\/wp-content\/uploads\/2019\/08\/Multi.jpg?w=1760 1760w, https:\/\/i0.wp.com\/davidgour.ca\/wp-content\/uploads\/2019\/08\/Multi.jpg?w=2640 2640w\" sizes=\"(max-width: 880px) 100vw, 880px\" \/><\/figure>\n\n\n<p><strong>Design, am\u00e9nagements et installations<\/strong><\/p>\n<p><strong>2024<br \/><\/strong>Restauration l\u2019h\u00f4tel de ville de Montr\u00e9al<br \/>Gestionnaire du mobilier et des \u00e9quipements mus\u00e9ologiques<br \/>Beaupr\u00e9 Michaud architectes associ\u00e9s \/ Ville de Montr\u00e9al.<strong><br \/><\/strong><\/p>\n<p><strong>2021<\/strong><br \/>Design de mobilier ext\u00e9rieur institutionnel (terrasse 5e \u00e9tage)<br \/>Fran\u00e7ois Courville, arch. paysagiste \/ CNESST, Qu\u00e9bec.<\/p>\n<p>Conception et r\u00e9alisation de mobilier mus\u00e9al<br \/>Mus\u00e9e d\u2019art contemporain des Laurentides.<\/p>\n<p>Restauration de la maison Andr\u00e9-Benjamin Papineau<br \/>Beaupr\u00e9 Michaud architectes associ\u00e9s \/ Ville de Laval<\/p>\n<p><strong>2020<\/strong><\/p>\n<p>Mod\u00e9lisation 3D, signal\u00e9tique du Carrefour Angrignon<br \/>Bouvry Communications + Julie Margot.<\/p>\n<p>Design de mobilier urbain, am\u00e9nagement ext\u00e9rieur<br \/>Fran\u00e7ois Courville, arch. paysagiste \/ CNESST, Qu\u00e9bec.<\/p>\n<p>Implantation du festival Eur\u00eaka 2020<br \/>Soci\u00e9t\u00e9 du Vieux-Port de Montr\u00e9al.<\/p>\n<p><strong>2019<\/strong><\/p>\n<p>Conception d\u2019une collection de mobilier &#8211; Esquisse et prototypes<br \/>Restaurant Le Parlementaire, Assembl\u00e9e nationale, Qu\u00e9bec.<\/p>\n<p>Mobilier sur mesure, table ronde circulaire extensible<br \/>Projet r\u00e9sidentiel, Qu\u00e9bec.<\/p>\n<p>Relocalisation temporaire de l\u2019h\u00f4tel de ville de Montr\u00e9al<br \/>Gestionnaire du mobilier<br \/>Beaupr\u00e9 Michaud architectes associ\u00e9s \/ Ville de Montr\u00e9al<\/p>\n<p>Implantation du festival Eur\u00eaka 2019<br \/>Soci\u00e9t\u00e9 du Vieux port de Montr\u00e9al<\/p>\n<p>Esquisse &#8211; Petit pont<br \/>Fran\u00e7ois Courville \/ Domaine des Coteaux<\/p>\n<p><strong>2018<\/strong><br \/>R\u00e9am\u00e9nagement espaces de travail QGSIM<br \/>Beaupr\u00e9 Michaud architectes associ\u00e9s \/ Ville de Montr\u00e9al.<\/p>\n<p>Esquisse, mobilier pour le pavillon G\u00e9rard-Morisset<br \/>Mus\u00e9e national des beaux-arts du Qu\u00e9bec.<\/p>\n<p>Sc\u00e9nographie du Th\u00e9\u00e2tre du chaos<br \/>Plan\u00e9tarium Rio Tinto Alcan, Montr\u00e9al<\/p>\n<p>Implantation du festival Eur\u00eaka 2018<br \/>Soci\u00e9t\u00e9 du Vieux port de Montr\u00e9al.<\/p>\n<p>Design d\u2019\u00e9l\u00e9ments de signal\u00e9tique, bureaux de la BDC<br \/>Philippe Bouvry et Julie Margot \/ BDC Montr\u00e9al<\/p>\n<p><strong>2017<\/strong><br \/>Design et r\u00e9alisation du pavillon Le mobile<br \/>Mus\u00e9e d\u2019art contemporain des Laurentides<\/p>\n<p>Design de mobilier ext\u00e9rieur<br \/>Fran\u00e7ois Courville \/ Domaine des Coteaux<\/p>\n<p>Esquisse am\u00e9nagement int\u00e9rieur &#8211; Salle communautaire<br \/>Fran\u00e7ois Courville \/ Condos Fr\u00e9quence M<\/p>\n<p>Am\u00e9nagement et design de mobilier<br \/>Bureaux de Atelier Laboutique<\/p>\n<p>Esquisse, mobilier urbain, BAnQ Secteur Maisonneuve<br \/>Fran\u00e7ois Courville, architecte paysagiste<\/p>\n<p>Implantation du festival Eur\u00eaka 2017<br \/>Soci\u00e9t\u00e9 du Vieux port de Montr\u00e9al.<\/p>\n<p>Place Montmorency, installation \u00e9ph\u00e9m\u00e8re.<br \/>Fran\u00e7ois Courville, architecte paysagiste \/ Ville de Qu\u00e9bec<\/p>\n<p>Design int\u00e9rieur et am\u00e9nagement<br \/>R\u00e9sidence des \u00c9rables, Montr\u00e9al<\/p>\n<p><strong>2016<\/strong><\/p>\n<p>Design et r\u00e9alisation du mobilier d\u2019accueil. Mus\u00e9e d\u2019art contemporain des Laurentides.<br \/>Design et r\u00e9alisation du mobilier \u00abDiagonalement v\u00f4tre\u00bb.<br \/>Mus\u00e9e national des beaux-arts du Qu\u00e9bec.<\/p>\n<p><strong>2012<\/strong><br \/>Design du mobilier des postes d\u2019accueil.<br \/>Daimon et Axen\u00e9o7, Centres d\u2019artistes, Gatineau.<\/p>\n<p><strong>2015<\/strong><br \/>Design int\u00e9rieur des espaces communs.<br \/>Lupien Matteau \/ Tour r\u00e9sidentielle O\u2019Cartier, Laval<\/p>\n<p><strong>Expositions &#8211; Arts<\/strong><\/p>\n<p><strong>2019<\/strong><br \/>R\u00e9am\u00e9nagement des salles d\u2019exposition et de m\u00e9diation<br \/>Mus\u00e9e d\u2019art contemporain des Laurentides.<br \/><strong>2016<\/strong><br \/>Design de mobilier d\u2019exposition, \u00abHistoires fictives\u00bb.<br \/>Biblioth\u00e8que et Archives nationales du Qu\u00e9bec.<\/p>\n<p><strong>2015<\/strong><br \/>\u00abUne modernit\u00e9 des ann\u00e9es 1920, le groupe de Beaver Hall\u00bb <br \/>Lupien Matteau \/ Mus\u00e9e des Beaux-arts de Montr\u00e9al.<\/p>\n<p>\u00abVladimir Velickovic\u00bb<br \/>Lupien Matteau \/ 1700 Laposte, Montr\u00e9al.<\/p>\n<p>Conception et r\u00e9alisation de socles d\u2019exposition<br \/>Lupien Matteau \/ OACI, Montr\u00e9al.<\/p>\n<p><strong>2013<\/strong><br \/>\u00abPas de deux : du conte au ballet\u00bb<br \/>Lupien Matteau \/ Biblioth\u00e8que et Archives nationales du Qu\u00e9bec, Montr\u00e9al.<\/p>\n<p><strong>2010<\/strong><br \/>Sc\u00e9nographie de l\u2019exposition \u00abKapow\u00bb<br \/>Axen\u00e9o7, Centre d\u2019artistes, Gatineau.<\/p>\n<p>Collection permanente (avant-projet)<br \/>Daniel Castonguay \/ Mus\u00e9e d\u2019art de Joliette.<\/p>\n<p><strong>2008<\/strong><br \/>\u00abCuba, art et histoire, de 1895 \u00e0 nos jours\u00bb<br \/>Daniel Castonguay \/ Mus\u00e9e des beaux-arts de Montr\u00e9al.<\/p>\n<p>\u00abQu\u00e9bec, une ville et ses artistes\u00bb<br \/>Daniel Castonguay \/ Mus\u00e9e national des beaux-arts du Qu\u00e9bec<\/p>\n<p><strong>2007<\/strong> <br \/>\u00abUn design am\u00e9ricain : le Streamline de 1930 \u00e0 nos jours\u00bb<br \/>Daniel Castonguay \/ Mus\u00e9e des beaux-arts de Montr\u00e9al.<\/p>\n<p><strong>2004<\/strong> <br \/>\u00abCollection William Jacob\u00bb<br \/>Daniel Castonguay \/ Tohu, Montr\u00e9al.<\/p>\n<p><strong>2003<\/strong><br \/>\u00abV\u00e9nus et Ca\u00efen\u00bb <br \/>Daniel Castonguay \/ Mus\u00e9e national des beaux-arts du Qu\u00e9bec, Qu\u00e9bec.<\/p>\n<p><strong>Expositions &#8211; Sciences<\/strong><\/p>\n<p><strong>2020<\/strong><br \/>Conception et r\u00e9alisation de l\u2019exposition \u00ab Fou de Bassan \u00bb<br \/>Mus\u00e9e Exploramer, Sainte-Anne-des-Monts.<\/p>\n<p><strong>2018<\/strong><br \/>Mus\u00e9ographie Bio-Machine, Migration du Biod\u00f4me<br \/>La bande \u00e0 Paul \/ Biod\u00f4me, Montr\u00e9al<\/p>\n<p><strong>2015<\/strong><br \/>\u00abSalle d\u2019interpr\u00e9tation M\u00f6bius\u00bb<br \/>Lupien Matteau \/ Centre de tri, Montr\u00e9al.<\/p>\n<p>\u00abRequins : 100 millions de morts\u00bb <br \/>Lupien Matteau \/ Exploramer, Sainte-Anne-des-Monts.<\/p>\n<p><strong>2013<\/strong><br \/>\u00ab\u00c9nergies renouvelables, l\u2019heure des choix\u00bb<br \/>Lupien Matteau \/ Biosph\u00e8re, Mus\u00e9e de l\u2019environnement, Montr\u00e9al.<\/p>\n<p><strong>2011<\/strong><br \/>\u00abParc-Parcours\u00bb Parc national du Mont-St-Bruno<br \/>Lupien Matteau \/ SEPAQ, St-Bruno-de-Montarville.<\/p>\n<p><strong>2008<\/strong><br \/>\u00abVirages\u00bb<br \/>Lupien Matteau \/ Biosph\u00e8re Mus\u00e9e de l\u2019environnement, Montr\u00e9al.<\/p>\n<p><strong>2006<\/strong><br \/>\u00abTr\u00e9sors de la collection\u2026\u00bb <br \/>Mus\u00e9e des ondes \u00c9mile Berliner, Montr\u00e9al.<\/p>\n<p><strong>2005<\/strong><br \/>Centre d\u2019interpr\u00e9tation de l\u2019abeille<br \/>Daniel Castonguay \/ Ferme Lune de Miel, Stoke.<\/p>\n<p><strong>Expositions &#8211; Histoire, culture et soci\u00e9t\u00e9<\/strong><\/p>\n<p><strong>2020<\/strong><br \/>Collaboration \u00e0 la sc\u00e9nographie, \u00ab Libert\u00e9s civiles \u00bb<br \/>Chantal Baril, Mus\u00e9e canadien de l\u2019histoire<\/p>\n<p>Collaboration \u00e0 la sc\u00e9nographie, \u00ab Mission N\u00e9fertari \u00bb<br \/>Chantal Baril, Mus\u00e9e canadien de l\u2019histoire<\/p>\n<p><strong>2019<\/strong><br \/>Collaboration \u00e0 la sc\u00e9nographie, \u00ab Reines d\u2019\u00c9gypte \u00bb<br \/>Val\u00e9rie Wagner, Mus\u00e9e canadien de l\u2019histoire<\/p>\n<p><strong>2018<\/strong><br \/>Concours MEM, membre de l\u2019\u00e9quipe finaliste<br \/>R\u00e9alisations Montr\u00e9al<\/p>\n<p>Collaboration \u00e0 la sc\u00e9nographie, \u00ab Europe m\u00e9di\u00e9vale \u00bb<br \/>Chantal Baril, Mus\u00e9e canadien de l\u2019histoire<\/p>\n<p><strong>2017<\/strong><br \/>Exposition M\u00e8re Marie-L\u00e9onie.<br \/>Petites s\u0153urs de la Ste-Famille, Sherbrooke.<\/p>\n<p>D\u00e9veloppement du design \u00abCanada sur le vif\u00bb.<br \/>Lupien Matteau \/ Mus\u00e9e canadien de l\u2019histoire<br \/>Dessins techniques pour \u00abMon c\u0153ur est Montr\u00e9al\u00bb.<br \/>Biblioth\u00e8que et Archives nationales du Qu\u00e9bec.<\/p>\n<p><strong>2016<\/strong><br \/>\u00abCanada? Au-del\u00e0 de 150 ans.\u00bb<br \/>Lupien Matteau \/ Biblioth\u00e8que et archives Canada<\/p>\n<p><strong>2014<\/strong> <br \/>\u00abChez nous \u00e0 Bourlamaque\u00bb, Maison historique<br \/>Lupien Matteau \/ Village-minier-de-Bourlamaque.<\/p>\n<p>\u00abMontr\u00e9al. Traces, lieux, m\u00e9moires.\u00bb<br \/>Centre d\u2019histoire de Montr\u00e9al.<\/p>\n<p><strong>2013<\/strong><br \/>\u00abSecrets et illusions : la magie des effets sp\u00e9ciaux\u00bb <br \/>Lupien Matteau \/ Cin\u00e9math\u00e8que qu\u00e9b\u00e9coise, Montr\u00e9al.<\/p>\n<p><strong>2012<\/strong> <br \/>\u00abVodou\u00bb<br \/>Lupien Matteau \/ Mus\u00e9e canadien des civilisations, Gatineau.<\/p>\n<p>\u00abL\u2019empreinte d\u2019un couple\u00bb<br \/>Lupien Matteau \/ Maison Alphonse-Desjardins, L\u00e9vis.<\/p>\n<p><strong>2011<\/strong><br \/>\u00abSe r\u00e9approprier les pratiques ancestrales\u00bb<br \/>Lupien Matteau \/ Institut culturel cri, Ouje-Bougoumou.<\/p>\n<p>Protection des m\u00e2ts tot\u00e9miques de la Grande galerie<br \/>Lupien Matteau \/ Mus\u00e9e canadien des civilisations, Gatineau.<\/p>\n<p><strong>2009<\/strong><br \/>\u00abKarsh : cr\u00e9ateur d\u2019images\u00bb<br \/>Mus\u00e9e de la science et des technologies du Canada<br \/>Lupien Matteau \/ Mus\u00e9e canadien du portrait.<\/p>\n<p><strong>2008<\/strong><br \/>\u00abTombes \u00e9ternelles, l\u2019\u00c9gypte ancienne et l\u2019au-del\u00e0\u00bb<br \/>Lupien Matteau \/ Mus\u00e9e canadien des civilisations, Gatineau.<\/p>","protected":false},"excerpt":{"rendered":"<p>Design, am\u00e9nagements et installations 2024Restauration l\u2019h\u00f4tel de ville de Montr\u00e9alGestionnaire du mobilier et des \u00e9quipements mus\u00e9ologiquesBeaupr\u00e9 Michaud architectes associ\u00e9s \/ Ville de Montr\u00e9al. 2021Design de mobilier ext\u00e9rieur institutionnel (terrasse 5e \u00e9tage)Fran\u00e7ois Courville, arch. paysagiste \/ CNESST, Qu\u00e9bec. Conception et r\u00e9alisation de mobilier mus\u00e9alMus\u00e9e d\u2019art contemporain des Laurentides. Restauration de la maison Andr\u00e9-Benjamin PapineauBeaupr\u00e9 Michaud architectes [&hellip;]<\/p>\n","protected":false},"author":1,"featured_media":0,"parent":0,"menu_order":0,"comment_status":"closed","ping_status":"closed","template":"","meta":{"footnotes":""},"_links":{"self":[{"href":"https:\/\/davidgour.ca\/index.php?rest_route=\/wp\/v2\/pages\/65"}],"collection":[{"href":"https:\/\/davidgour.ca\/index.php?rest_route=\/wp\/v2\/pages"}],"about":[{"href":"https:\/\/davidgour.ca\/index.php?rest_route=\/wp\/v2\/types\/page"}],"author":[{"embeddable":true,"href":"https:\/\/davidgour.ca\/index.php?rest_route=\/wp\/v2\/users\/1"}],"replies":[{"embeddable":true,"href":"https:\/\/davidgour.ca\/index.php?rest_route=%2Fwp%2Fv2%2Fcomments&post=65"}],"version-history":[{"count":9,"href":"https:\/\/davidgour.ca\/index.php?rest_route=\/wp\/v2\/pages\/65\/revisions"}],"predecessor-version":[{"id":162,"href":"https:\/\/davidgour.ca\/index.php?rest_route=\/wp\/v2\/pages\/65\/revisions\/162"}],"wp:attachment":[{"href":"https:\/\/davidgour.ca\/index.php?rest_route=%2Fwp%2Fv2%2Fmedia&parent=65"}],"curies":[{"name":"wp","href":"https:\/\/api.w.org\/{rel}","templated":true}]}}